{"id":12,"date":"2023-05-04T17:13:44","date_gmt":"2023-05-04T17:13:44","guid":{"rendered":"https:\/\/glowmedia.com.mx\/?page_id=12"},"modified":"2023-05-06T21:31:24","modified_gmt":"2023-05-06T21:31:24","slug":"home","status":"publish","type":"page","link":"https:\/\/glowmedia.com.mx\/","title":{"rendered":"Home"},"content":{"rendered":"<section class=\"wpb-content-wrapper\"><p>[vc_section full_width=\u00bbstretch_row\u00bb full_height=\u00bbyes\u00bb content_placement=\u00bbmiddle\u00bb background_color=\u00bbcustom\u00bb el_id=\u00bbnosotros\u00bb custom_background_color=\u00bb#f8f8f8&#8243;][vc_row full_width=\u00bbstretch_row\u00bb background_color=\u00bbcustom\u00bb][vc_column][tm_spacer size=\u00bblg:50&#8243;][\/vc_column][vc_column width=\u00bb1\/2&#8243;][tm_heading tag=\u00bbh1&#8243; custom_google_font=\u00bb\u00bb text=\u00bbSOMOS<br \/>\n<mark>GLOW MEDIA<\/mark>\u00ab][vc_column_text]Sabemos que las ideas brillantes son las que conquistan al mundo digital.<\/p>\n<p>Contamos con ocho a\u00f1os de experiencia.<\/p>\n<p class=\"titillium-web-regular\">Somos especialistas en ofrecer soluciones de comunicaci\u00f3n estrat\u00e9gica digital de acuerdo a las necesidades de nuestros clientes.<\/p>\n<p><span class=\"primary-color\">Contamos con profesionales especializados.<\/span>[\/vc_column_text][\/vc_column][vc_column width=\u00bb1\/2&#8243;][tm_image image=\u00bb24&#8243;][\/vc_column][\/vc_row][vc_row][vc_column][tm_spacer size=\u00bblg:50&#8243;][\/vc_column][\/vc_row][\/vc_section][vc_section full_width=\u00bbstretch_row\u00bb full_height=\u00bbyes\u00bb content_placement=\u00bbmiddle\u00bb background_image=\u00bb26&#8243; el_id=\u00bbservicios\u00bb][vc_row][vc_column][tm_spacer size=\u00bblg:50&#8243;][\/vc_column][\/vc_row][vc_row][vc_column width=\u00bb1\/3&#8243;][tm_heading tag=\u00bbh2&#8243; custom_google_font=\u00bb\u00bb text_color=\u00bbcustom\u00bb custom_text_color=\u00bb#ffffff\u00bb text=\u00bbNUESTROS<br \/>\n<mark>SERVICIOS<\/mark>\u00ab][vc_column_text]<\/p>\n<p class=\"titillium-web-regular\"><span style=\"color: #ffffff;\">En Glow Media nos enfocamos en desarrollar planes hechos a la medida de las necesidades digitales de nuestros clientes, con el objetivo de lograr las metas establecidas e incrementar sus ventas.<\/span><\/p>\n<p>[\/vc_column_text][\/vc_column][vc_column width=\u00bb2\/3&#8243;][tm_grid columns=\u00bbxs:1;sm:2;md:3;lg:4&#8243;][tm_box_icon style=\u00bb06&#8243; icon_type=\u00bbfontawesome5&#8243; icon_fontawesome5=\u00bbfa fa-browser\u00bb icon_color=\u00bbprimary\u00bb heading=\u00bbDISE\u00d1O WEB\u00bb text=\u00bb\u00a1A la medida! p\u00e1ginas web, landings, artes para redes sociales.\u00bb][tm_box_icon style=\u00bb06&#8243; icon_type=\u00bbfontawesome5&#8243; icon_fontawesome5=\u00bbfar fa-code\u00bb icon_color=\u00bbprimary\u00bb heading=\u00bbCONSTRUCCI\u00d3N WEB\u00bb text=\u00bbHTML5, WordPress, JS, PWA, Apps, Laravel, PHP, CSS, Vue.js, Sass y jQuery.\u00bb][tm_box_icon style=\u00bb06&#8243; icon_type=\u00bbfontawesome5&#8243; icon_fontawesome5=\u00bbfar fa-chart-bar\u00bb icon_color=\u00bbprimary\u00bb heading=\u00bbSEO\u00bb text=\u00bbAseg\u00farate que te encuentren en Google. Key word\/ especialista SEO.\u00bb][tm_box_icon style=\u00bb06&#8243; icon_type=\u00bbfontawesome5&#8243; icon_fontawesome5=\u00bbfa fa-thumbs-up\u00bb icon_color=\u00bbprimary\u00bb heading=\u00bbREDES SOCIALES\u00bb text=\u00bbTener presencia creativa en redes sociales es fundamental hoy en d\u00eda. (Facebook, Instagram, Twitter, Linkedin y TikTok).\u00bb][tm_box_icon style=\u00bb06&#8243; icon_type=\u00bbfontawesome5&#8243; icon_fontawesome5=\u00bbfa fa-users-medical\u00bb icon_color=\u00bbprimary\u00bb heading=\u00bbCRM\u00bb text=\u00bbFlujo de navegaci\u00f3n y construcci\u00f3n de estructura de datos.\u00bb][tm_box_icon style=\u00bb06&#8243; icon_type=\u00bbfontawesome5&#8243; icon_fontawesome5=\u00bbfa fa-blog\u00bb icon_color=\u00bbprimary\u00bb heading=\u00bbBLOGS\u00bb text=\u00bbContenido especializado.\u00bb][tm_box_icon style=\u00bb06&#8243; icon_type=\u00bbfontawesome5&#8243; icon_fontawesome5=\u00bbfa fa-bullseye\u00bb icon_color=\u00bbprimary\u00bb heading=\u00bbJUSTO EN EL BLANCO\u00bb text=\u00bbSiempre listos para satisfacer todas tus necesidades.\u00bb][\/tm_grid][\/vc_column][\/vc_row][vc_row][vc_column][tm_spacer size=\u00bblg:50&#8243;][\/vc_column][\/vc_row][\/vc_section][vc_section full_height=\u00bbyes\u00bb content_placement=\u00bbmiddle\u00bb el_id=\u00bbclientes\u00bb][vc_row][vc_column][tm_spacer size=\u00bblg:50&#8243;][vc_row_inner content_placement=\u00bbmiddle\u00bb][vc_column_inner offset=\u00bbvc_col-md-5&#8243;][tm_heading style=\u00bbbelow-separator\u00bb tag=\u00bbh2&#8243; custom_google_font=\u00bb\u00bb text=\u00bbnuestros clientes\u00bb line_height=\u00bb1.4&#8243;][tm_spacer size=\u00bblg:34&#8243;][\/vc_column_inner][vc_column_inner offset=\u00bbvc_col-md-offset-1 vc_col-md-6&#8243;][tm_client style=\u00bbgrid-no-border-small\u00bb effect=\u00bbmove-up\u00bb gutter=\u00bb0&#8243; items=\u00bb%5B%7B%22image%22%3A%2233%22%2C%22link%22%3A%22url%3A%2523%7Ctitle%3AClient%2520Logo%252001%7C%7C%22%7D%2C%7B%22image%22%3A%2234%22%2C%22link%22%3A%22url%3A%2523%7Ctitle%3AClient%2520Logo%252002%7C%7C%22%7D%2C%7B%22image%22%3A%2235%22%2C%22link%22%3A%22url%3A%2523%7Ctitle%3AClient%2520Logo%252003%7C%7C%22%7D%2C%7B%22image%22%3A%2236%22%2C%22link%22%3A%22url%3A%2523%7Ctitle%3AClient%2520Logo%252004%7C%7C%22%7D%2C%7B%22image%22%3A%2237%22%2C%22link%22%3A%22url%3A%2523%7Ctitle%3AClient%2520Logo%252005%7C%7C%22%7D%2C%7B%22image%22%3A%2238%22%2C%22link%22%3A%22url%3A%2523%7Ctitle%3AClient%2520Logo%252006%7C%7C%22%7D%2C%7B%22image%22%3A%2239%22%2C%22link%22%3A%22url%3A%2523%7Ctitle%3AClient%2520Logo%252006%7C%7C%22%7D%2C%7B%22image%22%3A%2240%22%2C%22link%22%3A%22Link%22%7D%5D\u00bb columns=\u00bbxs:1;sm:2;lg:3&#8243;][\/vc_column_inner][\/vc_row_inner][tm_spacer size=\u00bblg:50&#8243;][\/vc_column][\/vc_row][\/vc_section]<\/p>\n<\/section>","protected":false},"excerpt":{"rendered":"<p>[vc_section full_width=\u00bbstretch_row\u00bb full_height=\u00bbyes\u00bb content_placement=\u00bbmiddle\u00bb background_color=\u00bbcustom\u00bb el_id=\u00bbnosotros\u00bb custom_background_color=\u00bb#f8f8f8&#8243;][vc_row full_width=\u00bbstretch_row\u00bb background_color=\u00bbcustom\u00bb][vc_column][tm_spacer size=\u00bblg:50&#8243;][\/vc_column][vc_column width=\u00bb1\/2&#8243;][tm_heading tag=\u00bbh1&#8243; custom_google_font=\u00bb\u00bb text=\u00bbSOMOS GLOW MEDIA\u00ab][vc_column_text]Sabemos que las ideas brillantes son las que conquistan al mundo digital. Contamos con ocho a\u00f1os de experiencia. Somos especialistas en ofrecer soluciones de comunicaci\u00f3n estrat\u00e9gica digital de acuerdo a las necesidades de nuestros clientes. Contamos con profesionales especializados.[\/vc_column_text][\/vc_column][vc_column width=\u00bb1\/2&#8243;][tm_image image=\u00bb24&#8243;][\/vc_column][\/vc_row][vc_row][vc_column][tm_spacer size=\u00bblg:50&#8243;][\/vc_column][\/vc_row][\/vc_section][vc_section full_width=\u00bbstretch_row\u00bb full_height=\u00bbyes\u00bb content_placement=\u00bbmiddle\u00bb background_image=\u00bb26&#8243; el_id=\u00bbservicios\u00bb][vc_row][vc_column][tm_spacer size=\u00bblg:50&#8243;][\/vc_column][\/vc_row][vc_row][vc_column width=\u00bb1\/3&#8243;][tm_heading tag=\u00bbh2&#8243; custom_google_font=\u00bb\u00bb text_color=\u00bbcustom\u00bb custom_text_color=\u00bb#ffffff\u00bb text=\u00bbNUESTROS SERVICIOS\u00ab][vc_column_text] En Glow Media nos enfocamos en desarrollar planes hechos a la medida de las necesidades digitales de nuestros clientes, con el objetivo de lograr las metas establecidas e incrementar sus ventas. [\/vc_column_text][\/vc_column][vc_column width=\u00bb2\/3&#8243;][tm_grid columns=\u00bbxs:1;sm:2;md:3;lg:4&#8243;][tm_box_icon style=\u00bb06&#8243; icon_type=\u00bbfontawesome5&#8243; icon_fontawesome5=\u00bbfa fa-browser\u00bb icon_color=\u00bbprimary\u00bb heading=\u00bbDISE\u00d1O WEB\u00bb text=\u00bb\u00a1A la medida! p\u00e1ginas web, landings, artes para redes sociales.\u00bb][tm_box_icon style=\u00bb06&#8243; icon_type=\u00bbfontawesome5&#8243; icon_fontawesome5=\u00bbfar fa-code\u00bb icon_color=\u00bbprimary\u00bb heading=\u00bbCONSTRUCCI\u00d3N WEB\u00bb text=\u00bbHTML5, WordPress, JS, PWA, Apps, Laravel, PHP, CSS, Vue.js, Sass y jQuery.\u00bb][tm_box_icon style=\u00bb06&#8243; icon_type=\u00bbfontawesome5&#8243; icon_fontawesome5=\u00bbfar fa-chart-bar\u00bb icon_color=\u00bbprimary\u00bb heading=\u00bbSEO\u00bb text=\u00bbAseg\u00farate que te encuentren en Google. Key word\/ especialista SEO.\u00bb][tm_box_icon style=\u00bb06&#8243; icon_type=\u00bbfontawesome5&#8243; icon_fontawesome5=\u00bbfa fa-thumbs-up\u00bb icon_color=\u00bbprimary\u00bb heading=\u00bbREDES SOCIALES\u00bb text=\u00bbTener presencia creativa en redes sociales es fundamental hoy en d\u00eda. (Facebook, Instagram, Twitter, Linkedin y TikTok).\u00bb][tm_box_icon style=\u00bb06&#8243; icon_type=\u00bbfontawesome5&#8243; icon_fontawesome5=\u00bbfa fa-users-medical\u00bb icon_color=\u00bbprimary\u00bb heading=\u00bbCRM\u00bb text=\u00bbFlujo de navegaci\u00f3n y construcci\u00f3n de estructura de datos.\u00bb][tm_box_icon style=\u00bb06&#8243; icon_type=\u00bbfontawesome5&#8243; icon_fontawesome5=\u00bbfa fa-blog\u00bb icon_color=\u00bbprimary\u00bb heading=\u00bbBLOGS\u00bb text=\u00bbContenido especializado.\u00bb][tm_box_icon style=\u00bb06&#8243; icon_type=\u00bbfontawesome5&#8243; icon_fontawesome5=\u00bbfa fa-bullseye\u00bb icon_color=\u00bbprimary\u00bb heading=\u00bbJUSTO EN EL BLANCO\u00bb text=\u00bbSiempre listos para satisfacer todas tus necesidades.\u00bb][\/tm_grid][\/vc_column][\/vc_row][vc_row][vc_column][tm_spacer size=\u00bblg:50&#8243;][\/vc_column][\/vc_row][\/vc_section][vc_section full_height=\u00bbyes\u00bb content_placement=\u00bbmiddle\u00bb el_id=\u00bbclientes\u00bb][vc_row][vc_column][tm_spacer size=\u00bblg:50&#8243;][vc_row_inner content_placement=\u00bbmiddle\u00bb][vc_column_inner offset=\u00bbvc_col-md-5&#8243;][tm_heading style=\u00bbbelow-separator\u00bb tag=\u00bbh2&#8243; custom_google_font=\u00bb\u00bb text=\u00bbnuestros clientes\u00bb line_height=\u00bb1.4&#8243;][tm_spacer size=\u00bblg:34&#8243;][\/vc_column_inner][vc_column_inner offset=\u00bbvc_col-md-offset-1 vc_col-md-6&#8243;][tm_client style=\u00bbgrid-no-border-small\u00bb effect=\u00bbmove-up\u00bb gutter=\u00bb0&#8243; items=\u00bb%5B%7B%22image%22%3A%2233%22%2C%22link%22%3A%22url%3A%2523%7Ctitle%3AClient%2520Logo%252001%7C%7C%22%7D%2C%7B%22image%22%3A%2234%22%2C%22link%22%3A%22url%3A%2523%7Ctitle%3AClient%2520Logo%252002%7C%7C%22%7D%2C%7B%22image%22%3A%2235%22%2C%22link%22%3A%22url%3A%2523%7Ctitle%3AClient%2520Logo%252003%7C%7C%22%7D%2C%7B%22image%22%3A%2236%22%2C%22link%22%3A%22url%3A%2523%7Ctitle%3AClient%2520Logo%252004%7C%7C%22%7D%2C%7B%22image%22%3A%2237%22%2C%22link%22%3A%22url%3A%2523%7Ctitle%3AClient%2520Logo%252005%7C%7C%22%7D%2C%7B%22image%22%3A%2238%22%2C%22link%22%3A%22url%3A%2523%7Ctitle%3AClient%2520Logo%252006%7C%7C%22%7D%2C%7B%22image%22%3A%2239%22%2C%22link%22%3A%22url%3A%2523%7Ctitle%3AClient%2520Logo%252006%7C%7C%22%7D%2C%7B%22image%22%3A%2240%22%2C%22link%22%3A%22Link%22%7D%5D\u00bb columns=\u00bbxs:1;sm:2;lg:3&#8243;][\/vc_column_inner][\/vc_row_inner][tm_spacer size=\u00bblg:50&#8243;][\/vc_column][\/vc_row][\/vc_section]<\/p>\n","protected":false},"author":1,"featured_media":0,"parent":0,"menu_order":0,"comment_status":"closed","ping_status":"closed","template":"","meta":{"_joinchat":[],"footnotes":""},"class_list":["post-12","page","type-page","status-publish","hentry","post-no-thumbnail"],"_links":{"self":[{"href":"https:\/\/glowmedia.com.mx\/index.php?rest_route=\/wp\/v2\/pages\/12","targetHints":{"allow":["GET"]}}],"collection":[{"href":"https:\/\/glowmedia.com.mx\/index.php?rest_route=\/wp\/v2\/pages"}],"about":[{"href":"https:\/\/glowmedia.com.mx\/index.php?rest_route=\/wp\/v2\/types\/page"}],"author":[{"embeddable":true,"href":"https:\/\/glowmedia.com.mx\/index.php?rest_route=\/wp\/v2\/users\/1"}],"replies":[{"embeddable":true,"href":"https:\/\/glowmedia.com.mx\/index.php?rest_route=%2Fwp%2Fv2%2Fcomments&post=12"}],"version-history":[{"count":23,"href":"https:\/\/glowmedia.com.mx\/index.php?rest_route=\/wp\/v2\/pages\/12\/revisions"}],"predecessor-version":[{"id":59,"href":"https:\/\/glowmedia.com.mx\/index.php?rest_route=\/wp\/v2\/pages\/12\/revisions\/59"}],"wp:attachment":[{"href":"https:\/\/glowmedia.com.mx\/index.php?rest_route=%2Fwp%2Fv2%2Fmedia&parent=12"}],"curies":[{"name":"wp","href":"https:\/\/api.w.org\/{rel}","templated":true}]}}